{"id":369,"date":"2018-12-11T16:03:41","date_gmt":"2018-12-11T16:03:41","guid":{"rendered":"https:\/\/freemountain.at\/?page_id=369"},"modified":"2026-01-20T12:55:54","modified_gmt":"2026-01-20T12:55:54","slug":"home","status":"publish","type":"page","link":"https:\/\/freemountain.at\/en\/","title":{"rendered":"Home"},"content":{"rendered":"\n<h2>\n\t\tWir sp\u00fcren erfolgsver&shy;sprechende<br \/>Brands im unweg&shy;samen Gel\u00e4nde der Markenwelt auf\n\t<\/h2>\n\t<p>Auf der Suche nach neuen, coolen Brands kennen wir keine Grenzen. Schlie\u00dflich geh\u00f6rt es zu unseren besonderen Talenten, Marken, die das Zeug zum Top-Seller haben, auch dann aufzuspu\u0308ren, wenn sie noch nicht als Superstars u\u0308ber der Modewelt strahlen. Wir gehen weiter, schauen genauer und erkennen fru\u0308her, wenn ein Newcomer das Potential zum Fixstern hat. Und dann nehmen wir ihn unter die Lupe, bezu\u0308glich Qualit\u00e4t, Preis-Leistung und Strahlkraft. So einfach ist das, wenn man es kann.<\/p>\n<p><strong>Andreas Schmied und Irmi Haider.<\/strong><\/p>\n<h2>\n\t\tTolle Brands liegen nicht <br \/>einfach so am Tisch\n\t<\/h2>\n\t<p>Wir scannen, durchleuchten und legen sie auf den Pru\u0308fstand: Unsere bew\u00e4hrten Marken und natu\u0308rlich immer wieder neue. Dabei checken wir auch wie sie am Markt funktionieren, vergleichen Zahlen und Platzierungen nehmen die Feedbacks unserer Kunden auf und entscheiden dann, welche Brands die besten Chancen im Verkauf haben. Und weil wir genau zwischen Preis und Leistung abw\u00e4gen, sind die Newcomer handverlesen.<\/p>\n<h2>\n\t\tUnsere Marken passen wirt&shy;schaftlich und stylisch zu unseren Kunden\n\t<\/h2>\n\t<p>Unsere Marken erg\u00e4nzen die Kollektionen unserer Kunden passgenau und im Sinne ihrer Qualit\u00e4ts- und Stilwelten. Mit der Erfahrung, was unsere Kunden w\u00fcnschen, gehen wir auf die Reise und entdecken das, was sie begeistert.<\/p>\n<h2>\n\t\tThe next Order-Show in our Rooms:\n\t<\/h2>\n<h2>\n\t\t21.01.2025 bis 28.02.2025\n\t<\/h2>\n\t<p>In unserem kleinen, feinen Marken-Show-Raum sehen Sie zu den Pr\u00e4sentationszeiten, was Freemountain als gekonnter Markenj\u00e4ger zu bieten hat. Lassen Sie sich ein bisschen Zeit rauben und schauen Sie vorbei. Unser Team erwartet Sie mit einem ausgezeichneten Espresso und voller Begeisterung.<\/p>\n\t\t\t\t<img decoding=\"async\" src=\"https:\/\/freemountain.at\/wp-content\/uploads\/2018\/12\/free-mountain-showroom-00010.jpg\" alt=\"free-mountain-showroom-00010\" itemprop=\"image\" title=\"free-mountain-showroom-00010\" onerror=\"this.style.display='none'\"  \/>\n\t\t\t\t<img decoding=\"async\" src=\"https:\/\/freemountain.at\/wp-content\/uploads\/2018\/12\/free-mountain-showroom-00002.jpg\" alt=\"free-mountain-showroom-00002\" itemprop=\"image\" title=\"free-mountain-showroom-00002\" onerror=\"this.style.display='none'\"  \/>\n\t\t\t\t<img decoding=\"async\" src=\"https:\/\/freemountain.at\/wp-content\/uploads\/2018\/12\/free-mountain-showroom-00012.jpg\" alt=\"free-mountain-showroom-00012\" itemprop=\"image\" title=\"free-mountain-showroom-00012\" onerror=\"this.style.display='none'\"  \/>\n\t\t\t\t<img decoding=\"async\" src=\"https:\/\/freemountain.at\/wp-content\/uploads\/2018\/12\/free-mountain-showroom-00004.jpg\" alt=\"free-mountain-showroom-00004\" itemprop=\"image\" title=\"free-mountain-showroom-00004\" onerror=\"this.style.display='none'\"  \/>\n\t\t\t\t<img decoding=\"async\" src=\"https:\/\/freemountain.at\/wp-content\/uploads\/2018\/12\/free-mountain-showroom-00005.jpg\" alt=\"free-mountain-showroom-00005\" itemprop=\"image\" title=\"free-mountain-showroom-00005\" onerror=\"this.style.display='none'\"  \/>\n\t\t\t\t<img decoding=\"async\" src=\"https:\/\/freemountain.at\/wp-content\/uploads\/2018\/12\/free-mountain-showroom-00008.jpg\" alt=\"free-mountain-showroom-00008\" itemprop=\"image\" title=\"free-mountain-showroom-00008\" onerror=\"this.style.display='none'\"  \/>\n<h2>\n\t\tFollow Free Mountain on Instagram\n\t<\/h2>\n\t<div id=\"wpsr-ig-feed-1140\" class=\"wpsr-ig-feed-wrapper wpsr-feed-wrap wpsr_content wpsr-ig-feed-template1 wpsr-ig-feed-template-1140  \"   data-column=\"3\"><div class=\"wpsr-container wpsr-insta-feed-1140\">\n    <div class=\"wpsr-ig-header wpsr-gap-default\">\n        <div class=\"wpsr-ig-header-inner\">\n            \n            <div class=\"wpsr-ig-header-info\">\n                                                                                    <div class=\"wpsr-ig-header-description\">\n                                                                    <\/div>\n                            <\/div>\n                    <\/div>\n    <\/div>\n<div class=\"wpsr-ig-feed-wrapper-inner\"><div class=\"wpsr-row wpsr-ig-all-feed wpsr_feeds wpsr-column-gap-default\"><\/div><div class=\"wpsr-ig-footer wpsr-row \"><\/div><\/div><\/div><\/div>\n<h2>\n\t\tWillkommen,<br \/>hier gehts zum n\u00e4chsten Termin\n\t<\/h2>\n<form>\n\t<input type=\"hidden\" name=\"fl-layout-id\" value=\"20\" \/>\n    \t\t<label for=\"pp-name-\">Name<\/label>\n    \t\tBitte gib Deinen Namen ein.\n    \t\t<input type=\"text\" name=\"pp-name\" id=\"pp-name-\" value=\"\" placeholder=\"Name\"  \/>\n    \t\t<label for=\"pp-email-\">Email<\/label>\n    \t\tBitte gib eine valide E-Mail Adresse an.\n    \t\t<input type=\"email\" name=\"pp-email\" id=\"pp-email-\" value=\"\" placeholder=\"Email\"  \/>\n    \t\t<label for=\"pp-subject-\">Betreff<\/label>\n    \t\tBitte geben Sie einen Betreff ein.\n    \t\t<input type=\"text\" name=\"pp-subject\" id=\"pp-subject-\" value=\"\" placeholder=\"Betreff\"  \/>\n    \t\t<label for=\"pp-message-\">Mein Wunschtermin&#8230;.<\/label>\n    \t\tPlease type your message.\n    \t\t<textarea name=\"pp-message\" id=\"pp-message-\" placeholder=\"Mein Wunschtermin....\"><\/textarea>\n    \t<a href=\"#\" target=\"_self\" role=\"button\">\n    \t\t    \t\t    \t\tSenden\n    \t\t    \t\t    \t<\/a>\n\t\t\tVersand fehlgeschlagen. Bitte versuche es noch einmal.\n<\/form>\n  <p>Vielen Dank f\u00fcr Ihre Nachricht! Wir werden uns bald bei Ihnen melden.<\/p>\n\t<h3>Free Mountain GmbH<br \/>\nGF Andreas Schmied<br \/>\nRupertgasse 4<br \/>\nA-5020 Salzburg<\/h3>\n\t<h3> <a href=\"tel:+43662876108\">+43-662-876108<\/a><br \/>\n <a href=\"tel:+43662876860\">+43-662-876860<\/a><br \/>\n <a href=\"mailto:office@freemountain.at\">office@freemountain.at<\/a><\/h3>\n<h2>\n\t\tDie k\u00fcrzeste Anfahrt zum Showroom\n\t<\/h2>\n\t<iframe loading=\"lazy\" src=\"https:\/\/www.google.com\/maps\/embed?pb=!1m18!1m12!1m3!1d2679.696709757087!2d13.04839775181284!3d47.806714679096444!2m3!1f0!2f0!3f0!3m2!1i1024!2i768!4f13.1!3m3!1m2!1s0x4776907d9838c8eb%3A0x96943a7f7d86189b!2sRupertgasse+4%2C+5020+Salzburg!5e0!3m2!1sde!2sat!4v1544082445986\" width=\"100%\" height=\"630\" frameborder=\"0\" allowfullscreen><\/iframe>\n\t<p><strong>Von Wien kommend:<\/strong><\/p>\nA1, Abfahrt Salzburg Nord, Richtung Zentrum.<br \/>\nNICHT Richtung Modegro\u00dfhandelszentrum fahren.\n<p>Der Vogelweiderstra\u00dfe folgen bis zur Kreuzung mit der Sterneckstra\u00dfe, dort rechts abbiegen. Bei der n\u00e4chsten Gelegenheit links in die Bayerhamerstra\u00dfe abbiegen. Anschlie\u00dfend rechts in die Rupertgasse biegen.<\/p>\n\t<p><strong>Von M\u00fcnchen kommend:<\/strong><\/p>\nA8 bis Salzburg Walserberg, dann A1 Richtung Salzburg Zentrum, Linz, Wien. Abfahrt Salzburg Mitte.<br \/>\nDer M\u00fcnchner-Bundesstra\u00dfe folgen. Immer geradeaus. Die Stra\u00dfe \u00e4ndert mehrmals den Namen. Etwa 400m nach dem Kieselgeb\u00e4ude und der Bahnunterf\u00fchrung macht die Stra\u00dfe (mittlerweile Gabelsbergerstra\u00dfe) eine Linkskurve. Gleich danach rechts in die Bayerhamerstra\u00dfe einbiegen. Anschlie\u00dfend rechts in die Rupertgasse biegen.\n\t<p><strong>Sie finden Parkpl\u00e4tze direkt vor dem Schauraum.<\/strong><\/p>\n\n","protected":false},"excerpt":{"rendered":"<p>Wir sp\u00fcren erfolgsver&shy;sprechendeBrands im unweg&shy;samen Gel\u00e4nde der Markenwelt auf Auf der Suche nach neuen, coolen Brands kennen wir keine Grenzen. Schlie\u00dflich geh\u00f6rt es zu unseren besonderen Talenten, Marken, die das Zeug zum Top-Seller haben, auch dann aufzuspu\u0308ren, wenn sie noch nicht als Superstars u\u0308ber der Modewelt strahlen. Wir gehen weiter, schauen genauer und erkennen fru\u0308her,&hellip;<\/p>\n","protected":false},"author":4,"featured_media":0,"parent":0,"menu_order":0,"comment_status":"closed","ping_status":"closed","template":"","meta":{"footnotes":""},"class_list":["post-369","page","type-page","status-publish","hentry"],"yoast_head":"<!-- This site is optimized with the Yoast SEO plugin v27.5 - https:\/\/yoast.com\/product\/yoast-seo-wordpress\/ -->\n<title>Home - Free Mountain<\/title>\n<meta name=\"robots\" content=\"index, follow, max-snippet:-1, max-image-preview:large, max-video-preview:-1\" \/>\n<link rel=\"canonical\" href=\"https:\/\/freemountain.at\/en\/\" \/>\n<meta property=\"og:locale\" content=\"en_US\" \/>\n<meta property=\"og:type\" content=\"article\" \/>\n<meta property=\"og:title\" content=\"Home - Free Mountain\" \/>\n<meta property=\"og:description\" content=\"Wir sp\u00fcren erfolgsver&shy;sprechendeBrands im unweg&shy;samen Gel\u00e4nde der Markenwelt auf Auf der Suche nach neuen, coolen Brands kennen wir keine Grenzen. Schlie\u00dflich geh\u00f6rt es zu unseren besonderen Talenten, Marken, die das Zeug zum Top-Seller haben, auch dann aufzuspu\u0308ren, wenn sie noch nicht als Superstars u\u0308ber der Modewelt strahlen. Wir gehen weiter, schauen genauer und erkennen fru\u0308her,&hellip;\" \/>\n<meta property=\"og:url\" content=\"https:\/\/freemountain.at\/en\/\" \/>\n<meta property=\"og:site_name\" content=\"Free Mountain\" \/>\n<meta property=\"article:publisher\" content=\"https:\/\/www.facebook.com\/www.freemountain.at\" \/>\n<meta property=\"article:modified_time\" content=\"2026-01-20T12:55:54+00:00\" \/>\n<meta property=\"og:image\" content=\"https:\/\/freemountain.at\/wp-content\/uploads\/2018\/12\/free-mountain-showroom-00010.jpg\" \/>\n<meta name=\"twitter:card\" content=\"summary_large_image\" \/>\n<meta name=\"twitter:label1\" content=\"Est. reading time\" \/>\n\t<meta name=\"twitter:data1\" content=\"2 minutes\" \/>\n<script type=\"application\/ld+json\" class=\"yoast-schema-graph\">{\"@context\":\"https:\\\/\\\/schema.org\",\"@graph\":[{\"@type\":\"WebPage\",\"@id\":\"https:\\\/\\\/freemountain.at\\\/en\\\/\",\"url\":\"https:\\\/\\\/freemountain.at\\\/en\\\/\",\"name\":\"Home - Free Mountain\",\"isPartOf\":{\"@id\":\"https:\\\/\\\/freemountain.at\\\/#website\"},\"primaryImageOfPage\":{\"@id\":\"https:\\\/\\\/freemountain.at\\\/en\\\/#primaryimage\"},\"image\":{\"@id\":\"https:\\\/\\\/freemountain.at\\\/en\\\/#primaryimage\"},\"thumbnailUrl\":\"https:\\\/\\\/freemountain.at\\\/wp-content\\\/uploads\\\/2018\\\/12\\\/free-mountain-showroom-00010.jpg\",\"datePublished\":\"2018-12-11T16:03:41+00:00\",\"dateModified\":\"2026-01-20T12:55:54+00:00\",\"breadcrumb\":{\"@id\":\"https:\\\/\\\/freemountain.at\\\/en\\\/#breadcrumb\"},\"inLanguage\":\"en-US\",\"potentialAction\":[{\"@type\":\"ReadAction\",\"target\":[\"https:\\\/\\\/freemountain.at\\\/en\\\/\"]}]},{\"@type\":\"ImageObject\",\"inLanguage\":\"en-US\",\"@id\":\"https:\\\/\\\/freemountain.at\\\/en\\\/#primaryimage\",\"url\":\"https:\\\/\\\/freemountain.at\\\/wp-content\\\/uploads\\\/2018\\\/12\\\/free-mountain-showroom-00010.jpg\",\"contentUrl\":\"https:\\\/\\\/freemountain.at\\\/wp-content\\\/uploads\\\/2018\\\/12\\\/free-mountain-showroom-00010.jpg\"},{\"@type\":\"BreadcrumbList\",\"@id\":\"https:\\\/\\\/freemountain.at\\\/en\\\/#breadcrumb\",\"itemListElement\":[{\"@type\":\"ListItem\",\"position\":1,\"name\":\"Home\",\"item\":\"https:\\\/\\\/freemountain.at\\\/en\\\/\"},{\"@type\":\"ListItem\",\"position\":2,\"name\":\"Home\"}]},{\"@type\":\"WebSite\",\"@id\":\"https:\\\/\\\/freemountain.at\\\/#website\",\"url\":\"https:\\\/\\\/freemountain.at\\\/\",\"name\":\"Free Mountain\",\"description\":\"Free Mountain - Brands - Mode - Marken\",\"publisher\":{\"@id\":\"https:\\\/\\\/freemountain.at\\\/#organization\"},\"potentialAction\":[{\"@type\":\"SearchAction\",\"target\":{\"@type\":\"EntryPoint\",\"urlTemplate\":\"https:\\\/\\\/freemountain.at\\\/?s={search_term_string}\"},\"query-input\":{\"@type\":\"PropertyValueSpecification\",\"valueRequired\":true,\"valueName\":\"search_term_string\"}}],\"inLanguage\":\"en-US\"},{\"@type\":\"Organization\",\"@id\":\"https:\\\/\\\/freemountain.at\\\/#organization\",\"name\":\"Free Mountain\",\"url\":\"https:\\\/\\\/freemountain.at\\\/\",\"logo\":{\"@type\":\"ImageObject\",\"inLanguage\":\"en-US\",\"@id\":\"https:\\\/\\\/freemountain.at\\\/#\\\/schema\\\/logo\\\/image\\\/\",\"url\":\"https:\\\/\\\/freemountain.at\\\/wp-content\\\/uploads\\\/2018\\\/12\\\/free-mountain-logo.png\",\"contentUrl\":\"https:\\\/\\\/freemountain.at\\\/wp-content\\\/uploads\\\/2018\\\/12\\\/free-mountain-logo.png\",\"width\":492,\"height\":271,\"caption\":\"Free Mountain\"},\"image\":{\"@id\":\"https:\\\/\\\/freemountain.at\\\/#\\\/schema\\\/logo\\\/image\\\/\"},\"sameAs\":[\"https:\\\/\\\/www.facebook.com\\\/www.freemountain.at\",\"https:\\\/\\\/www.instagram.com\\\/freemountainsalzburg\\\/\"]}]}<\/script>\n<!-- \/ Yoast SEO plugin. -->","yoast_head_json":{"title":"Home - Free Mountain","robots":{"index":"index","follow":"follow","max-snippet":"max-snippet:-1","max-image-preview":"max-image-preview:large","max-video-preview":"max-video-preview:-1"},"canonical":"https:\/\/freemountain.at\/en\/","og_locale":"en_US","og_type":"article","og_title":"Home - Free Mountain","og_description":"Wir sp\u00fcren erfolgsver&shy;sprechendeBrands im unweg&shy;samen Gel\u00e4nde der Markenwelt auf Auf der Suche nach neuen, coolen Brands kennen wir keine Grenzen. Schlie\u00dflich geh\u00f6rt es zu unseren besonderen Talenten, Marken, die das Zeug zum Top-Seller haben, auch dann aufzuspu\u0308ren, wenn sie noch nicht als Superstars u\u0308ber der Modewelt strahlen. Wir gehen weiter, schauen genauer und erkennen fru\u0308her,&hellip;","og_url":"https:\/\/freemountain.at\/en\/","og_site_name":"Free Mountain","article_publisher":"https:\/\/www.facebook.com\/www.freemountain.at","article_modified_time":"2026-01-20T12:55:54+00:00","og_image":[{"url":"https:\/\/freemountain.at\/wp-content\/uploads\/2018\/12\/free-mountain-showroom-00010.jpg","type":"","width":"","height":""}],"twitter_card":"summary_large_image","twitter_misc":{"Est. reading time":"2 minutes"},"schema":{"@context":"https:\/\/schema.org","@graph":[{"@type":"WebPage","@id":"https:\/\/freemountain.at\/en\/","url":"https:\/\/freemountain.at\/en\/","name":"Home - Free Mountain","isPartOf":{"@id":"https:\/\/freemountain.at\/#website"},"primaryImageOfPage":{"@id":"https:\/\/freemountain.at\/en\/#primaryimage"},"image":{"@id":"https:\/\/freemountain.at\/en\/#primaryimage"},"thumbnailUrl":"https:\/\/freemountain.at\/wp-content\/uploads\/2018\/12\/free-mountain-showroom-00010.jpg","datePublished":"2018-12-11T16:03:41+00:00","dateModified":"2026-01-20T12:55:54+00:00","breadcrumb":{"@id":"https:\/\/freemountain.at\/en\/#breadcrumb"},"inLanguage":"en-US","potentialAction":[{"@type":"ReadAction","target":["https:\/\/freemountain.at\/en\/"]}]},{"@type":"ImageObject","inLanguage":"en-US","@id":"https:\/\/freemountain.at\/en\/#primaryimage","url":"https:\/\/freemountain.at\/wp-content\/uploads\/2018\/12\/free-mountain-showroom-00010.jpg","contentUrl":"https:\/\/freemountain.at\/wp-content\/uploads\/2018\/12\/free-mountain-showroom-00010.jpg"},{"@type":"BreadcrumbList","@id":"https:\/\/freemountain.at\/en\/#breadcrumb","itemListElement":[{"@type":"ListItem","position":1,"name":"Home","item":"https:\/\/freemountain.at\/en\/"},{"@type":"ListItem","position":2,"name":"Home"}]},{"@type":"WebSite","@id":"https:\/\/freemountain.at\/#website","url":"https:\/\/freemountain.at\/","name":"Free Mountain","description":"Free Mountain - Brands - Mode - Marken","publisher":{"@id":"https:\/\/freemountain.at\/#organization"},"potentialAction":[{"@type":"SearchAction","target":{"@type":"EntryPoint","urlTemplate":"https:\/\/freemountain.at\/?s={search_term_string}"},"query-input":{"@type":"PropertyValueSpecification","valueRequired":true,"valueName":"search_term_string"}}],"inLanguage":"en-US"},{"@type":"Organization","@id":"https:\/\/freemountain.at\/#organization","name":"Free Mountain","url":"https:\/\/freemountain.at\/","logo":{"@type":"ImageObject","inLanguage":"en-US","@id":"https:\/\/freemountain.at\/#\/schema\/logo\/image\/","url":"https:\/\/freemountain.at\/wp-content\/uploads\/2018\/12\/free-mountain-logo.png","contentUrl":"https:\/\/freemountain.at\/wp-content\/uploads\/2018\/12\/free-mountain-logo.png","width":492,"height":271,"caption":"Free Mountain"},"image":{"@id":"https:\/\/freemountain.at\/#\/schema\/logo\/image\/"},"sameAs":["https:\/\/www.facebook.com\/www.freemountain.at","https:\/\/www.instagram.com\/freemountainsalzburg\/"]}]}},"_links":{"self":[{"href":"https:\/\/freemountain.at\/en\/wp-json\/wp\/v2\/pages\/369","targetHints":{"allow":["GET"]}}],"collection":[{"href":"https:\/\/freemountain.at\/en\/wp-json\/wp\/v2\/pages"}],"about":[{"href":"https:\/\/freemountain.at\/en\/wp-json\/wp\/v2\/types\/page"}],"author":[{"embeddable":true,"href":"https:\/\/freemountain.at\/en\/wp-json\/wp\/v2\/users\/4"}],"replies":[{"embeddable":true,"href":"https:\/\/freemountain.at\/en\/wp-json\/wp\/v2\/comments?post=369"}],"version-history":[{"count":27,"href":"https:\/\/freemountain.at\/en\/wp-json\/wp\/v2\/pages\/369\/revisions"}],"predecessor-version":[{"id":1203,"href":"https:\/\/freemountain.at\/en\/wp-json\/wp\/v2\/pages\/369\/revisions\/1203"}],"wp:attachment":[{"href":"https:\/\/freemountain.at\/en\/wp-json\/wp\/v2\/media?parent=369"}],"curies":[{"name":"wp","href":"https:\/\/api.w.org\/{rel}","templated":true}]}}